{"id":2100,"date":"2022-12-15T09:10:57","date_gmt":"2022-12-15T09:10:57","guid":{"rendered":"http:\/\/dnipro-trade.ch\/?page_id=2100"},"modified":"2022-12-27T09:54:18","modified_gmt":"2022-12-27T09:54:18","slug":"home-seven-2","status":"publish","type":"page","link":"https:\/\/dnipro-trade.ch\/?page_id=2100&lang=de","title":{"rendered":"Home Seven"},"content":{"rendered":"\t\t<div data-elementor-type=\"wp-page\" data-elementor-id=\"2100\" class=\"elementor elementor-2100\">\n\t\t\t\t\t\t\t\t\t<section class=\"elementor-section elementor-top-section elementor-element elementor-element-b2246fc elementor-section-full_width elementor-section-stretched elementor-section-height-default elementor-section-height-default\" data-id=\"b2246fc\" data-element_type=\"section\" data-settings=\"{&quot;stretch_section&quot;:&quot;section-stretched&quot;}\">\n\t\t\t\t\t\t<div class=\"elementor-container elementor-column-gap-no\">\n\t\t\t\t\t<div class=\"elementor-column elementor-col-100 elementor-top-column elementor-element elementor-element-fb32ec3\" data-id=\"fb32ec3\" data-element_type=\"column\">\n\t\t\t<div class=\"elementor-widget-wrap elementor-element-populated\">\n\t\t\t\t\t\t\t\t<div class=\"elementor-element elementor-element-fa53b16 elementor-widget elementor-widget-singlebannerslider\" data-id=\"fa53b16\" data-element_type=\"widget\" data-widget_type=\"singlebannerslider.default\">\n\t\t\t\t<div class=\"elementor-widget-container\">\n\t\t\t    <!-- Start Banner \r\n    ============================================= -->\r\n    <div class=\"banner-area top-pad-90 during-nav-box bg-gray text-default\">\r\n        <div id=\"bootcarousel\" class=\"carousel slide animate_text\" data-ride=\"carousel\">\r\n            <!-- Wrapper for slides -->\r\n            <div class=\"carousel-inner\">\r\n            \t                <div class=\"carousel-item active\">\r\n                    <!-- Thumb -->\r\n                    <div class=\"right-thumb\" style=\"background-image: url(http:\/\/dnipro-trade.ch\/wp-content\/uploads\/2022\/12\/shutterstock_342334991.jpg);\"><\/div>\r\n                    <!-- End Thumb -->\r\n                    <div class=\"box-table\">\r\n                        <div class=\"box-cell\">\r\n                            <div class=\"container\">\r\n                                <div class=\"row\">\r\n                                    <div class=\"col-lg-6\">\r\n                                        <div class=\"content\">\r\n                                            <h3 data-animation=\"animated fadeInLeft\"><\/h3>\r\n                                            <h2 data-animation=\"animated fadeInUp\">\u00dcber Jahre bew\u00e4hrte Qualit\u00e4t<\/h2>\r\n                                            <p data-animation=\"animated slideInRight\">\r\n                                                                                            <\/p>\r\n                                                                                    <\/div>\r\n                                    <\/div>\r\n                                <\/div>\r\n                            <\/div>\r\n                        <\/div>\r\n                    <\/div>\r\n                <\/div>\r\n                                <div class=\"carousel-item \">\r\n                    <!-- Thumb -->\r\n                    <div class=\"right-thumb\" style=\"background-image: url(http:\/\/dnipro-trade.ch\/wp-content\/uploads\/2022\/12\/background2.jpeg);\"><\/div>\r\n                    <!-- End Thumb -->\r\n                    <div class=\"box-table\">\r\n                        <div class=\"box-cell\">\r\n                            <div class=\"container\">\r\n                                <div class=\"row\">\r\n                                    <div class=\"col-lg-6\">\r\n                                        <div class=\"content\">\r\n                                            <h3 data-animation=\"animated fadeInLeft\"><\/h3>\r\n                                            <h2 data-animation=\"animated fadeInUp\">Die Produkte sind nach europ\u00e4ischen Normen zertifiziert<\/h2>\r\n                                            <p data-animation=\"animated slideInRight\">\r\n                                                                                            <\/p>\r\n                                                                                    <\/div>\r\n                                    <\/div>\r\n                                <\/div>\r\n                            <\/div>\r\n                        <\/div>\r\n                    <\/div>\r\n                <\/div>\r\n                                <div class=\"carousel-item \">\r\n                    <!-- Thumb -->\r\n                    <div class=\"right-thumb\" style=\"background-image: url(http:\/\/dnipro-trade.ch\/wp-content\/uploads\/2022\/02\/IMG_6745-scaled.jpg);\"><\/div>\r\n                    <!-- End Thumb -->\r\n                    <div class=\"box-table\">\r\n                        <div class=\"box-cell\">\r\n                            <div class=\"container\">\r\n                                <div class=\"row\">\r\n                                    <div class=\"col-lg-6\">\r\n                                        <div class=\"content\">\r\n                                            <h3 data-animation=\"animated fadeInLeft\"><\/h3>\r\n                                            <h2 data-animation=\"animated fadeInUp\">Die Produkte werden aus hochwertigen Materialien mit modernster Ausr\u00fcstung hergestellt<\/h2>\r\n                                            <p data-animation=\"animated slideInRight\">\r\n                                                                                            <\/p>\r\n                                                                                    <\/div>\r\n                                    <\/div>\r\n                                <\/div>\r\n                            <\/div>\r\n                        <\/div>\r\n                    <\/div>\r\n                <\/div>\r\n                                <div class=\"carousel-item \">\r\n                    <!-- Thumb -->\r\n                    <div class=\"right-thumb\" style=\"background-image: url(http:\/\/dnipro-trade.ch\/wp-content\/uploads\/2022\/12\/Rail-track-switch-safety-medium.jpg);\"><\/div>\r\n                    <!-- End Thumb -->\r\n                    <div class=\"box-table\">\r\n                        <div class=\"box-cell\">\r\n                            <div class=\"container\">\r\n                                <div class=\"row\">\r\n                                    <div class=\"col-lg-6\">\r\n                                        <div class=\"content\">\r\n                                            <h3 data-animation=\"animated fadeInLeft\"><\/h3>\r\n                                            <h2 data-animation=\"animated fadeInUp\">Ein Team von Fachleuten liefert ein qualitativ hochwertiges Projekt von beliebiger Komplexit\u00e4t, <\/h2>\r\n                                            <p data-animation=\"animated slideInRight\">\r\n                                                                                            <\/p>\r\n                                                                                    <\/div>\r\n                                    <\/div>\r\n                                <\/div>\r\n                            <\/div>\r\n                        <\/div>\r\n                    <\/div>\r\n                <\/div>\r\n                                <div class=\"carousel-item \">\r\n                    <!-- Thumb -->\r\n                    <div class=\"right-thumb\" style=\"background-image: url(http:\/\/dnipro-trade.ch\/wp-content\/uploads\/2022\/12\/SLAIDER31.jpg);\"><\/div>\r\n                    <!-- End Thumb -->\r\n                    <div class=\"box-table\">\r\n                        <div class=\"box-cell\">\r\n                            <div class=\"container\">\r\n                                <div class=\"row\">\r\n                                    <div class=\"col-lg-6\">\r\n                                        <div class=\"content\">\r\n                                            <h3 data-animation=\"animated fadeInLeft\"><\/h3>\r\n                                            <h2 data-animation=\"animated fadeInUp\">Ein Team von Fachleuten liefert ein qualitativ hochwertiges Projekt von beliebiger Komplexit\u00e4t, je nach den Anforderungen des Kunden<\/h2>\r\n                                            <p data-animation=\"animated slideInRight\">\r\n                                                                                            <\/p>\r\n                                                                                    <\/div>\r\n                                    <\/div>\r\n                                <\/div>\r\n                            <\/div>\r\n                        <\/div>\r\n                    <\/div>\r\n                <\/div>\r\n                            <\/div>\r\n            <!-- End Wrapper for slides -->\r\n\r\n            <!-- Left and right controls -->\r\n            <a class=\"left carousel-control theme\" href=\"#bootcarousel\" data-slide=\"prev\">\r\n                <i class=\"fal fa-long-arrow-left\"><\/i>\r\n                <span class=\"sr-only\">Previous<\/span>\r\n            <\/a>\r\n            <a class=\"right carousel-control theme\" href=\"#bootcarousel\" data-slide=\"next\">\r\n                <i class=\"fal fa-long-arrow-right\"><\/i>\r\n                <span class=\"sr-only\">Next<\/span>\r\n            <\/a>\r\n        <\/div>\r\n    <\/div>\r\n    <!-- End Banner -->\r\n    \t\t<\/div>\n\t\t\t\t<\/div>\n\t\t\t\t\t<\/div>\n\t\t<\/div>\n\t\t\t\t\t\t\t<\/div>\n\t\t<\/section>\n\t\t\t\t<section class=\"elementor-section elementor-top-section elementor-element elementor-element-14c57c3 elementor-section-full_width elementor-section-stretched elementor-section-height-default elementor-section-height-default\" data-id=\"14c57c3\" data-element_type=\"section\" data-settings=\"{&quot;stretch_section&quot;:&quot;section-stretched&quot;}\">\n\t\t\t\t\t\t<div class=\"elementor-container elementor-column-gap-no\">\n\t\t\t\t\t<div class=\"elementor-column elementor-col-100 elementor-top-column elementor-element elementor-element-a5c248f\" data-id=\"a5c248f\" data-element_type=\"column\">\n\t\t\t<div class=\"elementor-widget-wrap elementor-element-populated\">\n\t\t\t\t\t\t\t\t<div class=\"elementor-element elementor-element-0d65d17 elementor-widget elementor-widget-about\" data-id=\"0d65d17\" data-element_type=\"widget\" data-widget_type=\"about.default\">\n\t\t\t\t<div class=\"elementor-widget-container\">\n\t\t\t    <!-- Start About Area\r\n    ============================================= -->\r\n    <div class=\"about-area\">\r\n        <div class=\"container\">\r\n            <div class=\"about-style-three-box\">\r\n                <div class=\"shape\">\r\n                    <img decoding=\"async\" src=\"http:\/\/dnipro-trade.ch\/wp-content\/uploads\/2022\/12\/background2.jpeg\" alt=\"dustra\">\r\n                <\/div>\r\n                <div class=\"row\">\r\n                    <div class=\"col-lg-6 about-style-three\">\r\n                        <div class=\"thumb\">\r\n                                                        <img decoding=\"async\" src=\"http:\/\/dnipro-trade.ch\/wp-content\/uploads\/2022\/12\/Rail-track-switch-safety-medium.jpg\" alt=\"dustra\">\r\n                                                                                    <div class=\"experience\">\r\n                                <h2>\r\n                                    <strong>100<\/strong>\r\n                                    Wir vertreten einen \u00fcber                                <\/h2>\r\n                            <\/div>\r\n                                                    <\/div>\r\n                    <\/div>\r\n                    <div class=\"col-lg-6 about-style-three content-right\">\r\n                        <h4><\/h4>\r\n                        <h2>\u00dcBER UNS<\/h2>\r\n                        <p>\r\n                            <p>Die GmbH \u201eDnipro S&C Trade\u201d wurde 2019 von der AKTIENGESELLSCHAFT \u201eDNIPROPETROWSKER WEICHENSTELLWERK\u201c gegr\u00fcndet und ist ihr Vertreter auf dem europ\u00e4ischen Markt.<\/p><p>Das Hauptziel der Arbeit des Unternehmens ist die maximale Befriedigung der Kundenbed\u00fcrfnisse durch die Bereitstellung von Produkten f\u00fcr alle Betriebsbedingungen.<\/p><p>Unser Unternehmen verf\u00fcgt \u00fcber ein Team von Fachleuten, deren Hauptaufgabe darin besteht, alle Kundenw\u00fcnsche bestm\u00f6glich zu erf\u00fcllen. Aus diesem Grund werden im Werk die unterschiedlichsten Projekte durchgef\u00fchrt: sowohl standardisierte Projekte, die auf den Bedingungen und Anforderungen f\u00fcr Eisenbahnstrecken in verschiedenen L\u00e4ndern basieren, als auch nicht standardisierte L\u00f6sungen, die auf den technischen Anforderungen des Kunden beruhen.<\/p>                        <\/p>\r\n                        \t                        <div class=\"award\">\r\n\t                            <div class=\"icon\">\r\n\t                                \t\t                        \t\t\t                            \t                            <\/div>\r\n\t                            <div class=\"info\">\r\n\t                                <h5> <\/h5>\r\n\t                                <p>\r\n\t                                    \t                                <\/p>\r\n\t                            <\/div>\r\n\t                        <\/div>\r\n\t                                        <\/div>\r\n                <\/div>\r\n            <\/div>\r\n        <\/div>\r\n    <\/div>\r\n    <!-- End About -->\r\n    \t\t<\/div>\n\t\t\t\t<\/div>\n\t\t\t\t\t<\/div>\n\t\t<\/div>\n\t\t\t\t\t\t\t<\/div>\n\t\t<\/section>\n\t\t\t\t<section class=\"elementor-section elementor-top-section elementor-element elementor-element-f77b381 elementor-section-boxed elementor-section-height-default elementor-section-height-default\" data-id=\"f77b381\" data-element_type=\"section\" data-settings=\"{&quot;background_background&quot;:&quot;classic&quot;}\">\n\t\t\t\t\t\t<div class=\"elementor-container elementor-column-gap-default\">\n\t\t\t\t\t<div class=\"elementor-column elementor-col-100 elementor-top-column elementor-element elementor-element-ec56d43\" data-id=\"ec56d43\" data-element_type=\"column\">\n\t\t\t<div class=\"elementor-widget-wrap elementor-element-populated\">\n\t\t\t\t\t\t\t\t<div class=\"elementor-element elementor-element-750c346 elementor-widget elementor-widget-heading\" data-id=\"750c346\" data-element_type=\"widget\" data-widget_type=\"heading.default\">\n\t\t\t\t<div class=\"elementor-widget-container\">\n\t\t\t<style>\/*! elementor - v3.15.0 - 20-08-2023 *\/\n.elementor-heading-title{padding:0;margin:0;line-height:1}.elementor-widget-heading .elementor-heading-title[class*=elementor-size-]>a{color:inherit;font-size:inherit;line-height:inherit}.elementor-widget-heading .elementor-heading-title.elementor-size-small{font-size:15px}.elementor-widget-heading .elementor-heading-title.elementor-size-medium{font-size:19px}.elementor-widget-heading .elementor-heading-title.elementor-size-large{font-size:29px}.elementor-widget-heading .elementor-heading-title.elementor-size-xl{font-size:39px}.elementor-widget-heading .elementor-heading-title.elementor-size-xxl{font-size:59px}<\/style><h2 class=\"elementor-heading-title elementor-size-default\">PARTNER<\/h2>\t\t<\/div>\n\t\t\t\t<\/div>\n\t\t\t\t<div class=\"elementor-element elementor-element-8224627 elementor-arrows-position-outside elementor-pagination-position-outside elementor-widget elementor-widget-image-carousel\" data-id=\"8224627\" data-element_type=\"widget\" data-settings=\"{&quot;slides_to_show&quot;:&quot;3&quot;,&quot;navigation&quot;:&quot;both&quot;,&quot;autoplay&quot;:&quot;yes&quot;,&quot;pause_on_hover&quot;:&quot;yes&quot;,&quot;pause_on_interaction&quot;:&quot;yes&quot;,&quot;autoplay_speed&quot;:5000,&quot;infinite&quot;:&quot;yes&quot;,&quot;speed&quot;:500}\" data-widget_type=\"image-carousel.default\">\n\t\t\t\t<div class=\"elementor-widget-container\">\n\t\t\t<style>\/*! elementor - v3.15.0 - 20-08-2023 *\/\n.elementor-widget-image-carousel .swiper,.elementor-widget-image-carousel .swiper-container{position:static}.elementor-widget-image-carousel .swiper-container .swiper-slide figure,.elementor-widget-image-carousel .swiper .swiper-slide figure{line-height:inherit}.elementor-widget-image-carousel .swiper-slide{text-align:center}.elementor-image-carousel-wrapper:not(.swiper-container-initialized):not(.swiper-initialized) .swiper-slide{max-width:calc(100% \/ var(--e-image-carousel-slides-to-show, 3))}<\/style>\t\t<div class=\"elementor-image-carousel-wrapper swiper-container\" dir=\"ltr\">\n\t\t\t<div class=\"elementor-image-carousel swiper-wrapper\" aria-live=\"off\">\n\t\t\t\t\t\t\t\t<div class=\"swiper-slide\" role=\"group\" aria-roledescription=\"slide\" aria-label=\"1 of 10\"><figure class=\"swiper-slide-inner\"><img decoding=\"async\" class=\"swiper-slide-image\" src=\"https:\/\/dnipro-trade.ch\/wp-content\/uploads\/2022\/12\/ADY.jpg\" alt=\"ADY\" \/><\/figure><\/div><div class=\"swiper-slide\" role=\"group\" aria-roledescription=\"slide\" aria-label=\"2 of 10\"><figure class=\"swiper-slide-inner\"><img decoding=\"async\" class=\"swiper-slide-image\" src=\"https:\/\/dnipro-trade.ch\/wp-content\/uploads\/2022\/12\/arcelor.jpg\" alt=\"arcelor\" \/><\/figure><\/div><div class=\"swiper-slide\" role=\"group\" aria-roledescription=\"slide\" aria-label=\"3 of 10\"><figure class=\"swiper-slide-inner\"><img decoding=\"async\" class=\"swiper-slide-image\" src=\"https:\/\/dnipro-trade.ch\/wp-content\/uploads\/2022\/12\/ITK.jpg\" alt=\"ITK\" \/><\/figure><\/div><div class=\"swiper-slide\" role=\"group\" aria-roledescription=\"slide\" aria-label=\"4 of 10\"><figure class=\"swiper-slide-inner\"><img decoding=\"async\" class=\"swiper-slide-image\" src=\"https:\/\/dnipro-trade.ch\/wp-content\/uploads\/2022\/12\/kunstler-300x68.jpg\" alt=\"kunstler\" \/><\/figure><\/div><div class=\"swiper-slide\" role=\"group\" aria-roledescription=\"slide\" aria-label=\"5 of 10\"><figure class=\"swiper-slide-inner\"><img decoding=\"async\" class=\"swiper-slide-image\" src=\"https:\/\/dnipro-trade.ch\/wp-content\/uploads\/2022\/12\/maksmi-300x79.jpg\" alt=\"maksmi\" \/><\/figure><\/div><div class=\"swiper-slide\" role=\"group\" aria-roledescription=\"slide\" aria-label=\"6 of 10\"><figure class=\"swiper-slide-inner\"><img decoding=\"async\" class=\"swiper-slide-image\" src=\"https:\/\/dnipro-trade.ch\/wp-content\/uploads\/2022\/12\/Molldav-railway.jpg\" alt=\"Molldav-railway\" \/><\/figure><\/div><div class=\"swiper-slide\" role=\"group\" aria-roledescription=\"slide\" aria-label=\"7 of 10\"><figure class=\"swiper-slide-inner\"><img decoding=\"async\" class=\"swiper-slide-image\" src=\"https:\/\/dnipro-trade.ch\/wp-content\/uploads\/2022\/12\/MZA.jpg\" alt=\"MZA\" \/><\/figure><\/div><div class=\"swiper-slide\" role=\"group\" aria-roledescription=\"slide\" aria-label=\"8 of 10\"><figure class=\"swiper-slide-inner\"><img decoding=\"async\" class=\"swiper-slide-image\" src=\"https:\/\/dnipro-trade.ch\/wp-content\/uploads\/2022\/12\/Skinest-group-Georgia-300x139.jpg\" alt=\"Skinest group Georgia\" \/><\/figure><\/div><div class=\"swiper-slide\" role=\"group\" aria-roledescription=\"slide\" aria-label=\"9 of 10\"><figure class=\"swiper-slide-inner\"><img decoding=\"async\" class=\"swiper-slide-image\" src=\"https:\/\/dnipro-trade.ch\/wp-content\/uploads\/2022\/12\/Talleres.jpg\" alt=\"Talleres\" \/><\/figure><\/div><div class=\"swiper-slide\" role=\"group\" aria-roledescription=\"slide\" aria-label=\"10 of 10\"><figure class=\"swiper-slide-inner\"><img decoding=\"async\" class=\"swiper-slide-image\" src=\"https:\/\/dnipro-trade.ch\/wp-content\/uploads\/2022\/12\/temirjou.jpg\" alt=\"temirjou\" \/><\/figure><\/div>\t\t\t<\/div>\n\t\t\t\t\t\t\t\t\t\t\t\t<div class=\"elementor-swiper-button elementor-swiper-button-prev\" role=\"button\" tabindex=\"0\">\n\t\t\t\t\t\t<i aria-hidden=\"true\" class=\"eicon-chevron-left\"><\/i>\t\t\t\t\t<\/div>\n\t\t\t\t\t<div class=\"elementor-swiper-button elementor-swiper-button-next\" role=\"button\" tabindex=\"0\">\n\t\t\t\t\t\t<i aria-hidden=\"true\" class=\"eicon-chevron-right\"><\/i>\t\t\t\t\t<\/div>\n\t\t\t\t\n\t\t\t\t\t\t\t\t\t<div class=\"swiper-pagination\"><\/div>\n\t\t\t\t\t\t\t\t\t<\/div>\n\t\t\t\t<\/div>\n\t\t\t\t<\/div>\n\t\t\t\t\t<\/div>\n\t\t<\/div>\n\t\t\t\t\t\t\t<\/div>\n\t\t<\/section>\n\t\t\t\t<section class=\"elementor-section elementor-top-section elementor-element elementor-element-2de6d90 elementor-section-full_width elementor-section-stretched elementor-section-height-default elementor-section-height-default\" data-id=\"2de6d90\" data-element_type=\"section\" data-settings=\"{&quot;stretch_section&quot;:&quot;section-stretched&quot;,&quot;background_background&quot;:&quot;classic&quot;}\">\n\t\t\t\t\t\t<div class=\"elementor-container elementor-column-gap-no\">\n\t\t\t\t\t<div class=\"elementor-column elementor-col-100 elementor-top-column elementor-element elementor-element-68dd207\" data-id=\"68dd207\" data-element_type=\"column\">\n\t\t\t<div class=\"elementor-widget-wrap\">\n\t\t\t\t\t\t\t\t\t<\/div>\n\t\t<\/div>\n\t\t\t\t\t\t\t<\/div>\n\t\t<\/section>\n\t\t\t\t\t\t\t<\/div>\n\t\t","protected":false},"excerpt":{"rendered":"<p>\u00dcber Jahre bew\u00e4hrte Qualit\u00e4t Die Produkte sind nach europ\u00e4ischen Normen zertifiziert Die Produkte werden aus hochwertigen Materialien mit modernster Ausr\u00fcstung hergestellt Ein Team von Fachleuten liefert ein qualitativ hochwertiges Projekt von beliebiger Komplexit\u00e4t, Ein Team von Fachleuten liefert ein qualitativ hochwertiges Projekt von beliebiger Komplexit\u00e4t, je nach den Anforderungen des Kunden Previous Next 100 Wir [&hellip;]<\/p>\n","protected":false},"author":1,"featured_media":0,"parent":0,"menu_order":0,"comment_status":"closed","ping_status":"closed","template":"elementor_header_footer","meta":{"_mi_skip_tracking":false,"_monsterinsights_sitenote_active":false,"_monsterinsights_sitenote_note":"","_monsterinsights_sitenote_category":0,"footnotes":""},"class_list":["post-2100","page","type-page","status-publish","hentry"],"aioseo_notices":[],"_links":{"self":[{"href":"https:\/\/dnipro-trade.ch\/index.php?rest_route=\/wp\/v2\/pages\/2100","targetHints":{"allow":["GET"]}}],"collection":[{"href":"https:\/\/dnipro-trade.ch\/index.php?rest_route=\/wp\/v2\/pages"}],"about":[{"href":"https:\/\/dnipro-trade.ch\/index.php?rest_route=\/wp\/v2\/types\/page"}],"author":[{"embeddable":true,"href":"https:\/\/dnipro-trade.ch\/index.php?rest_route=\/wp\/v2\/users\/1"}],"replies":[{"embeddable":true,"href":"https:\/\/dnipro-trade.ch\/index.php?rest_route=%2Fwp%2Fv2%2Fcomments&post=2100"}],"version-history":[{"count":13,"href":"https:\/\/dnipro-trade.ch\/index.php?rest_route=\/wp\/v2\/pages\/2100\/revisions"}],"predecessor-version":[{"id":2243,"href":"https:\/\/dnipro-trade.ch\/index.php?rest_route=\/wp\/v2\/pages\/2100\/revisions\/2243"}],"wp:attachment":[{"href":"https:\/\/dnipro-trade.ch\/index.php?rest_route=%2Fwp%2Fv2%2Fmedia&parent=2100"}],"curies":[{"name":"wp","href":"https:\/\/api.w.org\/{rel}","templated":true}]}}