{"id":2158,"date":"2022-12-26T12:05:55","date_gmt":"2022-12-26T12:05:55","guid":{"rendered":"https:\/\/dnipro-trade.ch\/?page_id=2158"},"modified":"2022-12-27T09:33:20","modified_gmt":"2022-12-27T09:33:20","slug":"products-2","status":"publish","type":"page","link":"https:\/\/dnipro-trade.ch\/?page_id=2158&lang=de","title":{"rendered":"<strong>PROJEKTE<\/strong>"},"content":{"rendered":"\t\t<div data-elementor-type=\"wp-page\" data-elementor-id=\"2158\" class=\"elementor elementor-2158\">\n\t\t\t\t\t\t\t\t\t<section class=\"elementor-section elementor-top-section elementor-element elementor-element-4001dcf elementor-section-boxed elementor-section-height-default elementor-section-height-default\" data-id=\"4001dcf\" data-element_type=\"section\">\n\t\t\t\t\t\t<div class=\"elementor-container elementor-column-gap-default\">\n\t\t\t\t\t<div class=\"elementor-column elementor-col-100 elementor-top-column elementor-element elementor-element-218dac8\" data-id=\"218dac8\" data-element_type=\"column\">\n\t\t\t<div class=\"elementor-widget-wrap elementor-element-populated\">\n\t\t\t\t\t\t\t\t<div class=\"elementor-element elementor-element-d50bf9b elementor-widget elementor-widget-text-editor\" data-id=\"d50bf9b\" data-element_type=\"widget\" data-widget_type=\"text-editor.default\">\n\t\t\t\t<div class=\"elementor-widget-container\">\n\t\t\t<style>\/*! elementor - v3.15.0 - 20-08-2023 *\/\n.elementor-widget-text-editor.elementor-drop-cap-view-stacked .elementor-drop-cap{background-color:#69727d;color:#fff}.elementor-widget-text-editor.elementor-drop-cap-view-framed .elementor-drop-cap{color:#69727d;border:3px solid;background-color:transparent}.elementor-widget-text-editor:not(.elementor-drop-cap-view-default) .elementor-drop-cap{margin-top:8px}.elementor-widget-text-editor:not(.elementor-drop-cap-view-default) .elementor-drop-cap-letter{width:1em;height:1em}.elementor-widget-text-editor .elementor-drop-cap{float:left;text-align:center;line-height:1;font-size:50px}.elementor-widget-text-editor .elementor-drop-cap-letter{display:inline-block}<\/style>\t\t\t\t<p>Das Unternehmen bietet Elemente des Gleisbaus an: Weichen (gew\u00f6hnliche, symmetrische, gebogene, doppelkreuzige), blinde Kreuzungen verschiedener G\u00fcteklassen aus Schienen des Typs P50, P65, aus europ\u00e4ischen Schienen des Typs 49E1, 54E1, 60E1 f\u00fcr die Verlegung in die Spurweite 1435 mm, 1520 mm und 1524 mm, Schuhwerfer, Nivellierger\u00e4te.<\/p><p>Wir bieten eine breite Palette von Kreuzungen und Verflechtungen mit den Spurweiten 1520 mm und 1435 mm an, die von der AG \u201eDNIPROPETROWSKER WEICHENSTELLWERK\u201c entwickelt wurde.<\/p><p>Das Werk produziert auch hochwertige Gie\u00dfereiprodukte und Musterausr\u00fcstung. Wir k\u00f6nnen Ihnen ein breites Sortiment an Gussteilen f\u00fcr Brech-, Bergbau-, Konzentrations-, H\u00fctten- und Transportanlagen anbieten, die unter hohen Sto\u00dfbelastungen arbeiten.<\/p><p>Wenn Sie mehr \u00fcber unsere Produkte erfahren m\u00f6chten, k\u00f6nnen Sie hier klicken <a href=\"https:\/\/dnsz.ua\/product\">https:\/\/dnsz.ua\/product<\/a><\/p><p>\u00a0<\/p>\t\t\t\t\t\t<\/div>\n\t\t\t\t<\/div>\n\t\t\t\t<div class=\"elementor-element elementor-element-4ef9e1f elementor-widget elementor-widget-portfolio\" data-id=\"4ef9e1f\" data-element_type=\"widget\" data-widget_type=\"portfolio.default\">\n\t\t\t\t<div class=\"elementor-widget-container\">\n\t\t\t\r\n    <!-- Start Portfolio Area \r\n    ============================================= -->   \r\n    <div class=\"gallery-area default-padding\">\r\n        <div class=\"container\">\r\n        \t            <div class=\"row\">\r\n                <div class=\"col-lg-8 offset-lg-2\">\r\n                    <div class=\"site-heading text-center\">\r\n                                            \t                        \t<h2>PROJEKTE<\/h2>\r\n                        \t\t\t\t\t\t                    <\/div>\r\n                <\/div>\r\n            <\/div>\r\n                        <div class=\"row\">\r\n                <div class=\"col-md-12 gallery-content\">\r\n                    <div class=\"magnific-mix-gallery masonary\">\r\n                        <div id=\"portfolio-grid\" class=\"gallery-items colums-3\">\r\n                        \t                            <!-- Single Item -->\r\n                            <div class=\"pf-item\">\r\n                                <div class=\"overlay\">\r\n                                \t                                    <img decoding=\"async\" src=\"https:\/\/dnipro-trade.ch\/wp-content\/uploads\/2022\/02\/\u0414\u043d-680-\u0441\u0442\u0430\u0431\u0438\u043b\u0438\u0437\u0430\u0442\u043e\u0440-800x800.jpg\" alt=\"dustra\">\r\n                                                                        <div class=\"content\">\r\n                                        <div class=\"title\">\r\n                                            <span><\/span>\r\n                                    \t\t<h5><a href=\"https:\/\/dnipro-trade.ch\/?dustra-portfolio=dn-680-de&#038;lang=de\">Dn 680 (DE)<\/a><\/h5>\r\n                                        <\/div>\r\n                                        <a href=\"https:\/\/dnipro-trade.ch\/?dustra-portfolio=dn-680-de&#038;lang=de\"><i class=\"fas fa-arrow-right\"><\/i><\/a>\r\n                                    <\/div>\r\n                                <\/div>\r\n                            <\/div>\r\n                            <!-- End Single Item -->\r\n                                                        <!-- Single Item -->\r\n                            <div class=\"pf-item\">\r\n                                <div class=\"overlay\">\r\n                                \t                                    <img decoding=\"async\" src=\"https:\/\/dnipro-trade.ch\/wp-content\/uploads\/2022\/03\/\u0414\u043d-127-\u043c\u043e\u043d\u0442\u0430\u0436-\u0441\u043f\u043b\u0435\u0442\u0435\u043d\u0438\u044f-800x622.jpg\" alt=\"dustra\">\r\n                                                                        <div class=\"content\">\r\n                                        <div class=\"title\">\r\n                                            <span>PROJEKTE<\/span>\r\n                                    \t\t<h5><a href=\"https:\/\/dnipro-trade.ch\/?dustra-portfolio=dn-127&#038;lang=de\">DN 127(DE)<\/a><\/h5>\r\n                                        <\/div>\r\n                                        <a href=\"https:\/\/dnipro-trade.ch\/?dustra-portfolio=dn-127&#038;lang=de\"><i class=\"fas fa-arrow-right\"><\/i><\/a>\r\n                                    <\/div>\r\n                                <\/div>\r\n                            <\/div>\r\n                            <!-- End Single Item -->\r\n                                                        <!-- Single Item -->\r\n                            <div class=\"pf-item\">\r\n                                <div class=\"overlay\">\r\n                                \t                                    <img decoding=\"async\" src=\"https:\/\/dnipro-trade.ch\/wp-content\/uploads\/2022\/03\/\u0414\u043d-678-800x800.jpg\" alt=\"dustra\">\r\n                                                                        <div class=\"content\">\r\n                                        <div class=\"title\">\r\n                                            <span>PROJEKTE<\/span>\r\n                                    \t\t<h5><a href=\"https:\/\/dnipro-trade.ch\/?dustra-portfolio=dn-678&#038;lang=de\">Dn 678(DE)<\/a><\/h5>\r\n                                        <\/div>\r\n                                        <a href=\"https:\/\/dnipro-trade.ch\/?dustra-portfolio=dn-678&#038;lang=de\"><i class=\"fas fa-arrow-right\"><\/i><\/a>\r\n                                    <\/div>\r\n                                <\/div>\r\n                            <\/div>\r\n                            <!-- End Single Item -->\r\n                                                        <!-- Single Item -->\r\n                            <div class=\"pf-item\">\r\n                                <div class=\"overlay\">\r\n                                \t                                    <img decoding=\"async\" src=\"https:\/\/dnipro-trade.ch\/wp-content\/uploads\/2022\/03\/\u0414\u043d-640-\u043f\u0435\u0440\u0435\u0434-\u043e\u0442\u0433\u0440\u0443\u0437\u043a\u043e\u0439-800x800.jpg\" alt=\"dustra\">\r\n                                                                        <div class=\"content\">\r\n                                        <div class=\"title\">\r\n                                            <span>PROJEKTE<\/span>\r\n                                    \t\t<h5><a href=\"https:\/\/dnipro-trade.ch\/?dustra-portfolio=dn-640&#038;lang=de\">DN 640(DE)<\/a><\/h5>\r\n                                        <\/div>\r\n                                        <a href=\"https:\/\/dnipro-trade.ch\/?dustra-portfolio=dn-640&#038;lang=de\"><i class=\"fas fa-arrow-right\"><\/i><\/a>\r\n                                    <\/div>\r\n                                <\/div>\r\n                            <\/div>\r\n                            <!-- End Single Item -->\r\n                                                        <!-- Single Item -->\r\n                            <div class=\"pf-item\">\r\n                                <div class=\"overlay\">\r\n                                \t                                    <img decoding=\"async\" src=\"https:\/\/dnipro-trade.ch\/wp-content\/uploads\/2022\/03\/\u0414\u043d-345-800x800.jpg\" alt=\"dustra\">\r\n                                                                        <div class=\"content\">\r\n                                        <div class=\"title\">\r\n                                            <span>PROJEKTE<\/span>\r\n                                    \t\t<h5><a href=\"https:\/\/dnipro-trade.ch\/?dustra-portfolio=dn-345&#038;lang=de\">DN 345(DE)<\/a><\/h5>\r\n                                        <\/div>\r\n                                        <a href=\"https:\/\/dnipro-trade.ch\/?dustra-portfolio=dn-345&#038;lang=de\"><i class=\"fas fa-arrow-right\"><\/i><\/a>\r\n                                    <\/div>\r\n                                <\/div>\r\n                            <\/div>\r\n                            <!-- End Single Item -->\r\n                                                        <!-- Single Item -->\r\n                            <div class=\"pf-item\">\r\n                                <div class=\"overlay\">\r\n                                \t                                    <img decoding=\"async\" src=\"https:\/\/dnipro-trade.ch\/wp-content\/uploads\/2022\/03\/\u0414\u043d-679-\u043f\u0435\u0440\u0435\u0434-\u043e\u0442\u0433\u0440\u0443\u0437\u043a\u043e\u0439-800x800.jpg\" alt=\"dustra\">\r\n                                                                        <div class=\"content\">\r\n                                        <div class=\"title\">\r\n                                            <span>PROJEKTE<\/span>\r\n                                    \t\t<h5><a href=\"https:\/\/dnipro-trade.ch\/?dustra-portfolio=dn-679&#038;lang=de\">Dn 679(DE)<\/a><\/h5>\r\n                                        <\/div>\r\n                                        <a href=\"https:\/\/dnipro-trade.ch\/?dustra-portfolio=dn-679&#038;lang=de\"><i class=\"fas fa-arrow-right\"><\/i><\/a>\r\n                                    <\/div>\r\n                                <\/div>\r\n                            <\/div>\r\n                            <!-- End Single Item -->\r\n                                                    <\/div>\r\n                    <\/div>\r\n                <\/div>\r\n            <\/div>\r\n        <\/div>\r\n    <\/div>\r\n    <!-- End Portfolio Area -->\r\n    \t\t<\/div>\n\t\t\t\t<\/div>\n\t\t\t\t\t<\/div>\n\t\t<\/div>\n\t\t\t\t\t\t\t<\/div>\n\t\t<\/section>\n\t\t\t\t\t\t\t<\/div>\n\t\t","protected":false},"excerpt":{"rendered":"<p>Das Unternehmen bietet Elemente des Gleisbaus an: Weichen (gew\u00f6hnliche, symmetrische, gebogene, doppelkreuzige), blinde Kreuzungen verschiedener G\u00fcteklassen aus Schienen des Typs P50, P65, aus europ\u00e4ischen Schienen des Typs 49E1, 54E1, 60E1 f\u00fcr die Verlegung in die Spurweite 1435 mm, 1520 mm und 1524 mm, Schuhwerfer, Nivellierger\u00e4te. Wir bieten eine breite Palette von Kreuzungen und Verflechtungen mit [&hellip;]<\/p>\n","protected":false},"author":1,"featured_media":0,"parent":0,"menu_order":0,"comment_status":"closed","ping_status":"closed","template":"","meta":{"_mi_skip_tracking":false,"_monsterinsights_sitenote_active":false,"_monsterinsights_sitenote_note":"","_monsterinsights_sitenote_category":0,"footnotes":""},"class_list":["post-2158","page","type-page","status-publish","hentry"],"aioseo_notices":[],"_links":{"self":[{"href":"https:\/\/dnipro-trade.ch\/index.php?rest_route=\/wp\/v2\/pages\/2158","targetHints":{"allow":["GET"]}}],"collection":[{"href":"https:\/\/dnipro-trade.ch\/index.php?rest_route=\/wp\/v2\/pages"}],"about":[{"href":"https:\/\/dnipro-trade.ch\/index.php?rest_route=\/wp\/v2\/types\/page"}],"author":[{"embeddable":true,"href":"https:\/\/dnipro-trade.ch\/index.php?rest_route=\/wp\/v2\/users\/1"}],"replies":[{"embeddable":true,"href":"https:\/\/dnipro-trade.ch\/index.php?rest_route=%2Fwp%2Fv2%2Fcomments&post=2158"}],"version-history":[{"count":35,"href":"https:\/\/dnipro-trade.ch\/index.php?rest_route=\/wp\/v2\/pages\/2158\/revisions"}],"predecessor-version":[{"id":2235,"href":"https:\/\/dnipro-trade.ch\/index.php?rest_route=\/wp\/v2\/pages\/2158\/revisions\/2235"}],"wp:attachment":[{"href":"https:\/\/dnipro-trade.ch\/index.php?rest_route=%2Fwp%2Fv2%2Fmedia&parent=2158"}],"curies":[{"name":"wp","href":"https:\/\/api.w.org\/{rel}","templated":true}]}}