{"id":2214,"date":"2022-12-27T08:43:58","date_gmt":"2022-12-27T08:43:58","guid":{"rendered":"https:\/\/dnipro-trade.ch\/?page_id=2214"},"modified":"2022-12-27T08:46:55","modified_gmt":"2022-12-27T08:46:55","slug":"uber-uns","status":"publish","type":"page","link":"https:\/\/dnipro-trade.ch\/?page_id=2214&lang=de","title":{"rendered":"\u00dcber uns"},"content":{"rendered":"\t\t<div data-elementor-type=\"wp-page\" data-elementor-id=\"2214\" class=\"elementor elementor-2214\">\n\t\t\t\t\t\t\t\t\t<section class=\"elementor-section elementor-top-section elementor-element elementor-element-6ac10a5 elementor-section-full_width elementor-section-stretched elementor-section-height-default elementor-section-height-default\" data-id=\"6ac10a5\" data-element_type=\"section\" data-settings=\"{&quot;stretch_section&quot;:&quot;section-stretched&quot;}\">\n\t\t\t\t\t\t<div class=\"elementor-container elementor-column-gap-no\">\n\t\t\t\t\t<div class=\"elementor-column elementor-col-100 elementor-top-column elementor-element elementor-element-a702f24\" data-id=\"a702f24\" data-element_type=\"column\">\n\t\t\t<div class=\"elementor-widget-wrap elementor-element-populated\">\n\t\t\t\t\t\t\t\t<div class=\"elementor-element elementor-element-34d5f6d elementor-widget elementor-widget-about\" data-id=\"34d5f6d\" data-element_type=\"widget\" data-widget_type=\"about.default\">\n\t\t\t\t<div class=\"elementor-widget-container\">\n\t\t\t    <!-- Start About Area\r\n    ============================================= -->\r\n    <div class=\"about-area\">\r\n        <div class=\"container\">\r\n            <div class=\"about-style-three-box\">\r\n                <div class=\"shape\">\r\n                    <img decoding=\"async\" src=\"http:\/\/dnipro-trade.ch\/wp-content\/uploads\/2022\/12\/background2.jpeg\" alt=\"dustra\">\r\n                <\/div>\r\n                <div class=\"row\">\r\n                    <div class=\"col-lg-6 about-style-three\">\r\n                        <div class=\"thumb\">\r\n                                                        <img decoding=\"async\" src=\"http:\/\/dnipro-trade.ch\/wp-content\/uploads\/2022\/12\/Rail-track-switch-safety-medium.jpg\" alt=\"dustra\">\r\n                                                                                <\/div>\r\n                    <\/div>\r\n                    <div class=\"col-lg-6 about-style-three content-right\">\r\n                        <h4><\/h4>\r\n                        <h2>\u00dcBER UNS<\/h2>\r\n                        <p>\r\n                            <p>Die GmbH \u201eDnipro S&C Trade\u201d wurde 2019 von der AKTIENGESELLSCHAFT \u201eDNIPROPETROWSKER WEICHENSTELLWERK\u201c gegr\u00fcndet und ist ihr Vertreter auf dem europ\u00e4ischen Markt.<\/p><p>Das Hauptziel der Arbeit des Unternehmens ist die maximale Befriedigung der Kundenbed\u00fcrfnisse durch die Bereitstellung von Produkten f\u00fcr alle Betriebsbedingungen.<\/p><p>Unser Unternehmen verf\u00fcgt \u00fcber ein Team von Fachleuten, deren Hauptaufgabe darin besteht, alle Kundenw\u00fcnsche bestm\u00f6glich zu erf\u00fcllen. Aus diesem Grund werden im Werk die unterschiedlichsten Projekte durchgef\u00fchrt: sowohl standardisierte Projekte, die auf den Bedingungen und Anforderungen f\u00fcr Eisenbahnstrecken in verschiedenen L\u00e4ndern basieren, als auch nicht standardisierte L\u00f6sungen, die auf den technischen Anforderungen des Kunden beruhen.<\/p>                        <\/p>\r\n                        \t                        <div class=\"award\">\r\n\t                            <div class=\"icon\">\r\n\t                                \t\t                        \t\t\t                            \t                            <\/div>\r\n\t                            <div class=\"info\">\r\n\t                                <h5> <\/h5>\r\n\t                                <p>\r\n\t                                    \t                                <\/p>\r\n\t                            <\/div>\r\n\t                        <\/div>\r\n\t                                        <\/div>\r\n                <\/div>\r\n            <\/div>\r\n        <\/div>\r\n    <\/div>\r\n    <!-- End About -->\r\n    \t\t<\/div>\n\t\t\t\t<\/div>\n\t\t\t\t\t<\/div>\n\t\t<\/div>\n\t\t\t\t\t\t\t<\/div>\n\t\t<\/section>\n\t\t\t\t<section class=\"elementor-section elementor-top-section elementor-element elementor-element-ee6fd1c elementor-section-boxed elementor-section-height-default elementor-section-height-default\" data-id=\"ee6fd1c\" data-element_type=\"section\">\n\t\t\t\t\t\t<div class=\"elementor-container elementor-column-gap-default\">\n\t\t\t\t\t<div class=\"elementor-column elementor-col-100 elementor-top-column elementor-element elementor-element-f457ef3\" data-id=\"f457ef3\" data-element_type=\"column\">\n\t\t\t<div class=\"elementor-widget-wrap elementor-element-populated\">\n\t\t\t\t\t\t\t\t<div class=\"elementor-element elementor-element-4fcdf83 elementor-widget elementor-widget-heading\" data-id=\"4fcdf83\" data-element_type=\"widget\" data-widget_type=\"heading.default\">\n\t\t\t\t<div class=\"elementor-widget-container\">\n\t\t\t<style>\/*! elementor - v3.15.0 - 20-08-2023 *\/\n.elementor-heading-title{padding:0;margin:0;line-height:1}.elementor-widget-heading .elementor-heading-title[class*=elementor-size-]>a{color:inherit;font-size:inherit;line-height:inherit}.elementor-widget-heading .elementor-heading-title.elementor-size-small{font-size:15px}.elementor-widget-heading .elementor-heading-title.elementor-size-medium{font-size:19px}.elementor-widget-heading .elementor-heading-title.elementor-size-large{font-size:29px}.elementor-widget-heading .elementor-heading-title.elementor-size-xl{font-size:39px}.elementor-widget-heading .elementor-heading-title.elementor-size-xxl{font-size:59px}<\/style><h2 class=\"elementor-heading-title elementor-size-default\">ZERTIFIKATE DES POLNISCHEN EISENBAHNINSTITUTS<\/h2>\t\t<\/div>\n\t\t\t\t<\/div>\n\t\t\t\t\t<\/div>\n\t\t<\/div>\n\t\t\t\t\t\t\t<\/div>\n\t\t<\/section>\n\t\t\t\t<section class=\"elementor-section elementor-top-section elementor-element elementor-element-456dc31 elementor-section-boxed elementor-section-height-default elementor-section-height-default\" data-id=\"456dc31\" data-element_type=\"section\">\n\t\t\t\t\t\t<div class=\"elementor-container elementor-column-gap-default\">\n\t\t\t\t\t<div class=\"elementor-column elementor-col-25 elementor-top-column elementor-element elementor-element-f8a4836\" data-id=\"f8a4836\" data-element_type=\"column\">\n\t\t\t<div class=\"elementor-widget-wrap elementor-element-populated\">\n\t\t\t\t\t\t\t\t<div class=\"elementor-element elementor-element-55e5b7f elementor-widget elementor-widget-image\" data-id=\"55e5b7f\" data-element_type=\"widget\" data-widget_type=\"image.default\">\n\t\t\t\t<div class=\"elementor-widget-container\">\n\t\t\t<style>\/*! elementor - v3.15.0 - 20-08-2023 *\/\n.elementor-widget-image{text-align:center}.elementor-widget-image a{display:inline-block}.elementor-widget-image a img[src$=\".svg\"]{width:48px}.elementor-widget-image img{vertical-align:middle;display:inline-block}<\/style>\t\t\t\t\t\t\t\t\t\t\t\t<img loading=\"lazy\" decoding=\"async\" width=\"724\" height=\"1024\" src=\"https:\/\/dnipro-trade.ch\/wp-content\/uploads\/2022\/12\/60\u04151_212_1_9-en-724x1024.jpg\" class=\"attachment-large size-large wp-image-2049\" alt=\"\" srcset=\"https:\/\/dnipro-trade.ch\/wp-content\/uploads\/2022\/12\/60\u04151_212_1_9-en-724x1024.jpg 724w, https:\/\/dnipro-trade.ch\/wp-content\/uploads\/2022\/12\/60\u04151_212_1_9-en-212x300.jpg 212w, https:\/\/dnipro-trade.ch\/wp-content\/uploads\/2022\/12\/60\u04151_212_1_9-en-768x1086.jpg 768w, https:\/\/dnipro-trade.ch\/wp-content\/uploads\/2022\/12\/60\u04151_212_1_9-en-1086x1536.jpg 1086w, https:\/\/dnipro-trade.ch\/wp-content\/uploads\/2022\/12\/60\u04151_212_1_9-en.jpg 1239w\" sizes=\"auto, (max-width: 724px) 100vw, 724px\" \/>\t\t\t\t\t\t\t\t\t\t\t\t\t\t\t<\/div>\n\t\t\t\t<\/div>\n\t\t\t\t\t<\/div>\n\t\t<\/div>\n\t\t\t\t<div class=\"elementor-column elementor-col-25 elementor-top-column elementor-element elementor-element-4a30271\" data-id=\"4a30271\" data-element_type=\"column\">\n\t\t\t<div class=\"elementor-widget-wrap elementor-element-populated\">\n\t\t\t\t\t\t\t\t<div class=\"elementor-element elementor-element-30ed95a elementor-widget elementor-widget-image\" data-id=\"30ed95a\" data-element_type=\"widget\" data-widget_type=\"image.default\">\n\t\t\t\t<div class=\"elementor-widget-container\">\n\t\t\t\t\t\t\t\t\t\t\t\t\t\t\t<img loading=\"lazy\" decoding=\"async\" width=\"724\" height=\"1024\" src=\"https:\/\/dnipro-trade.ch\/wp-content\/uploads\/2022\/12\/60\u04151_212_1_9-pl-724x1024.jpg\" class=\"attachment-large size-large wp-image-2050\" alt=\"\" srcset=\"https:\/\/dnipro-trade.ch\/wp-content\/uploads\/2022\/12\/60\u04151_212_1_9-pl-724x1024.jpg 724w, https:\/\/dnipro-trade.ch\/wp-content\/uploads\/2022\/12\/60\u04151_212_1_9-pl-212x300.jpg 212w, https:\/\/dnipro-trade.ch\/wp-content\/uploads\/2022\/12\/60\u04151_212_1_9-pl-768x1086.jpg 768w, https:\/\/dnipro-trade.ch\/wp-content\/uploads\/2022\/12\/60\u04151_212_1_9-pl-1086x1536.jpg 1086w, https:\/\/dnipro-trade.ch\/wp-content\/uploads\/2022\/12\/60\u04151_212_1_9-pl.jpg 1239w\" sizes=\"auto, (max-width: 724px) 100vw, 724px\" \/>\t\t\t\t\t\t\t\t\t\t\t\t\t\t\t<\/div>\n\t\t\t\t<\/div>\n\t\t\t\t\t<\/div>\n\t\t<\/div>\n\t\t\t\t<div class=\"elementor-column elementor-col-25 elementor-top-column elementor-element elementor-element-80e70f3\" data-id=\"80e70f3\" data-element_type=\"column\">\n\t\t\t<div class=\"elementor-widget-wrap elementor-element-populated\">\n\t\t\t\t\t\t\t\t<div class=\"elementor-element elementor-element-dd297f6 elementor-widget elementor-widget-image\" data-id=\"dd297f6\" data-element_type=\"widget\" data-widget_type=\"image.default\">\n\t\t\t\t<div class=\"elementor-widget-container\">\n\t\t\t\t\t\t\t\t\t\t\t\t\t\t\t<img loading=\"lazy\" decoding=\"async\" width=\"724\" height=\"1024\" src=\"https:\/\/dnipro-trade.ch\/wp-content\/uploads\/2022\/12\/60\u04151_212_1_9-pl-724x1024.jpg\" class=\"attachment-large size-large wp-image-2050\" alt=\"\" srcset=\"https:\/\/dnipro-trade.ch\/wp-content\/uploads\/2022\/12\/60\u04151_212_1_9-pl-724x1024.jpg 724w, https:\/\/dnipro-trade.ch\/wp-content\/uploads\/2022\/12\/60\u04151_212_1_9-pl-212x300.jpg 212w, https:\/\/dnipro-trade.ch\/wp-content\/uploads\/2022\/12\/60\u04151_212_1_9-pl-768x1086.jpg 768w, https:\/\/dnipro-trade.ch\/wp-content\/uploads\/2022\/12\/60\u04151_212_1_9-pl-1086x1536.jpg 1086w, https:\/\/dnipro-trade.ch\/wp-content\/uploads\/2022\/12\/60\u04151_212_1_9-pl.jpg 1239w\" sizes=\"auto, (max-width: 724px) 100vw, 724px\" \/>\t\t\t\t\t\t\t\t\t\t\t\t\t\t\t<\/div>\n\t\t\t\t<\/div>\n\t\t\t\t\t<\/div>\n\t\t<\/div>\n\t\t\t\t<div class=\"elementor-column elementor-col-25 elementor-top-column elementor-element elementor-element-fa6f795\" data-id=\"fa6f795\" data-element_type=\"column\">\n\t\t\t<div class=\"elementor-widget-wrap elementor-element-populated\">\n\t\t\t\t\t\t\t\t<div class=\"elementor-element elementor-element-6419e9f elementor-widget elementor-widget-image\" data-id=\"6419e9f\" data-element_type=\"widget\" data-widget_type=\"image.default\">\n\t\t\t\t<div class=\"elementor-widget-container\">\n\t\t\t\t\t\t\t\t\t\t\t\t\t\t\t<img loading=\"lazy\" decoding=\"async\" width=\"724\" height=\"1024\" src=\"https:\/\/dnipro-trade.ch\/wp-content\/uploads\/2022\/12\/60\u04151_300_1_11-pl-724x1024.jpg\" class=\"attachment-large size-large wp-image-2052\" alt=\"\" srcset=\"https:\/\/dnipro-trade.ch\/wp-content\/uploads\/2022\/12\/60\u04151_300_1_11-pl-724x1024.jpg 724w, https:\/\/dnipro-trade.ch\/wp-content\/uploads\/2022\/12\/60\u04151_300_1_11-pl-212x300.jpg 212w, https:\/\/dnipro-trade.ch\/wp-content\/uploads\/2022\/12\/60\u04151_300_1_11-pl-768x1086.jpg 768w, https:\/\/dnipro-trade.ch\/wp-content\/uploads\/2022\/12\/60\u04151_300_1_11-pl-1086x1536.jpg 1086w, https:\/\/dnipro-trade.ch\/wp-content\/uploads\/2022\/12\/60\u04151_300_1_11-pl.jpg 1239w\" sizes=\"auto, (max-width: 724px) 100vw, 724px\" \/>\t\t\t\t\t\t\t\t\t\t\t\t\t\t\t<\/div>\n\t\t\t\t<\/div>\n\t\t\t\t\t<\/div>\n\t\t<\/div>\n\t\t\t\t\t\t\t<\/div>\n\t\t<\/section>\n\t\t\t\t\t\t\t<\/div>\n\t\t","protected":false},"excerpt":{"rendered":"<p>\u00dcBER UNS Die GmbH \u201eDnipro S&#038;C Trade\u201d wurde 2019 von der AKTIENGESELLSCHAFT \u201eDNIPROPETROWSKER WEICHENSTELLWERK\u201c gegr\u00fcndet und ist ihr Vertreter auf dem europ\u00e4ischen Markt. Das Hauptziel der Arbeit des Unternehmens ist die maximale Befriedigung der Kundenbed\u00fcrfnisse durch die Bereitstellung von Produkten f\u00fcr alle Betriebsbedingungen. Unser Unternehmen verf\u00fcgt \u00fcber ein Team von Fachleuten, deren Hauptaufgabe darin besteht, [&hellip;]<\/p>\n","protected":false},"author":1,"featured_media":0,"parent":0,"menu_order":0,"comment_status":"closed","ping_status":"closed","template":"","meta":{"_mi_skip_tracking":false,"_monsterinsights_sitenote_active":false,"_monsterinsights_sitenote_note":"","_monsterinsights_sitenote_category":0,"footnotes":""},"class_list":["post-2214","page","type-page","status-publish","hentry"],"aioseo_notices":[],"_links":{"self":[{"href":"https:\/\/dnipro-trade.ch\/index.php?rest_route=\/wp\/v2\/pages\/2214","targetHints":{"allow":["GET"]}}],"collection":[{"href":"https:\/\/dnipro-trade.ch\/index.php?rest_route=\/wp\/v2\/pages"}],"about":[{"href":"https:\/\/dnipro-trade.ch\/index.php?rest_route=\/wp\/v2\/types\/page"}],"author":[{"embeddable":true,"href":"https:\/\/dnipro-trade.ch\/index.php?rest_route=\/wp\/v2\/users\/1"}],"replies":[{"embeddable":true,"href":"https:\/\/dnipro-trade.ch\/index.php?rest_route=%2Fwp%2Fv2%2Fcomments&post=2214"}],"version-history":[{"count":5,"href":"https:\/\/dnipro-trade.ch\/index.php?rest_route=\/wp\/v2\/pages\/2214\/revisions"}],"predecessor-version":[{"id":2219,"href":"https:\/\/dnipro-trade.ch\/index.php?rest_route=\/wp\/v2\/pages\/2214\/revisions\/2219"}],"wp:attachment":[{"href":"https:\/\/dnipro-trade.ch\/index.php?rest_route=%2Fwp%2Fv2%2Fmedia&parent=2214"}],"curies":[{"name":"wp","href":"https:\/\/api.w.org\/{rel}","templated":true}]}}